{"id":47,"date":"2011-04-29T09:25:21","date_gmt":"2011-04-29T09:25:21","guid":{"rendered":"http:\/\/bestmachinery.it\/2011\/?page_id=47"},"modified":"2016-01-31T09:33:31","modified_gmt":"2016-01-31T09:33:31","slug":"presentazione-2","status":"publish","type":"page","link":"https:\/\/bestmachinery.it\/2016\/","title":{"rendered":""},"content":{"rendered":"<div id=\"pl-47\"  class=\"panel-layout\" ><div id=\"pg-47-0\"  class=\"panel-grid panel-no-style\" ><div id=\"pgc-47-0-0\"  class=\"panel-grid-cell\" ><div id=\"panel-47-0-0-0\" class=\"so-panel widget widget_sow-editor panel-first-child panel-last-child\" data-index=\"0\" ><div\n\t\t\t\n\t\t\tclass=\"so-widget-sow-editor so-widget-sow-editor-base\"\n\t\t\t\n\t\t>\n<div class=\"siteorigin-widget-tinymce textwidget\">\n\t<p style=\"text-align: justify;\"><big>La nostra azienda \u00e8 formata da un gruppo di persone dinamiche e affiatate con un alto livello tecnico e un bagaglio di esperienza derivante da piu' di 30 anni di esperienza nel settore.<\/big><\/p>\n<p style=\"text-align: justify;\"><big>Operiamo a livello nazionale ed internazionale nella progettazione e costruzione di macchine ed accessori di alta qualit\u00e0 per la produzione del filo metallico.<\/big><\/p>\n<p style=\"text-align: justify;\"><big>Consapevoli delle problematiche coinvolte, ci siamo dati una struttura leggera e flessibile, in cui la professionalit\u00e0, il livello tecnologico la competenza e la qualit\u00e0 sono gli elementi qualificanti dei nostri prodotti. Ci\u00f2 tenendo sempre presente la primaria esigenza del cliente di avere consegne rapide, servizio pronto e prezzi adeguati.<\/big><\/p>\n<p style=\"text-align: justify;\">\u00a0<\/p>\n<p style=\"text-align: justify;\"><big>La nostra filosofia...<\/big><\/p>\n<p style=\"text-align: justify;\"><em><big>\u201cUn tempo gli operai non erano servi. Lavoravano. Coltivavano un onore, assoluto, come si addice a un onore. La gamba di una sedia doveva essere bene fatta. Era naturale, era inteso. Era un primato.<\/big><\/em><\/p>\n<p style=\"text-align: justify;\"><em><big>Non occorreva che fosse ben fatta per il salario, o in modo proporzionale al salario. Non doveva essere ben fatta per il padrone, n\u00e9 per gli intenditori, n\u00e9 per i clienti del padrone. Doveva essere ben fatta di per s\u00e9, in s\u00e9, nella sua stessa natura. Una tradizione venuta, risalita dal profondo della razza, una storia, un assoluto, un onore esigevano che quella gamba di sedia fosse ben fatta.<\/big><\/em><\/p>\n<p style=\"text-align: justify;\"><em><big>E ogni parte della sedia che non si vedeva era lavorata con la medesima perfezione delle parti che si vedevano. Secondo lo stesso principio delle cattedrali. E sono solo io a farla adesso tanto lunga. Per loro, in loro non c\u2019era neppure l\u2019ombra di una riflessione.Il lavoro stava l\u00e0. Si lavorava bene. Non si trattava di essere visti o di non essere visti. Era il lavoro in s\u00e9 che doveva essere ben fatto.<\/big><\/em><\/p>\n<p style=\"text-align: justify;\"><em><big>Non soltanto l\u2019idea di raggiungere il risultato migliore possibile, ma l\u2019idea, nel meglio, nel bene, di ottenere di pi\u00f9.\u201d<\/big><\/em><\/p>\n<p style=\"text-align: right;\"><big>Charles P\u00e9guy, L\u2019argent<\/big><\/p>\n<\/div>\n<\/div><\/div><\/div><\/div><div id=\"pg-47-1\"  class=\"panel-grid panel-no-style\" ><div id=\"pgc-47-1-0\"  class=\"panel-grid-cell panel-grid-cell-empty\" ><\/div><\/div><div id=\"pg-47-2\"  class=\"panel-grid panel-no-style\" ><div id=\"pgc-47-2-0\"  class=\"panel-grid-cell\" ><div id=\"panel-47-2-0-0\" class=\"so-panel widget widget_sow-image panel-first-child panel-last-child\" data-index=\"1\" ><div class=\"panel-widget-style panel-widget-style-for-47-2-0-0\" ><div\n\t\t\t\n\t\t\tclass=\"so-widget-sow-image so-widget-sow-image-default-dbf295114b96-47\"\n\t\t\t\n\t\t>\n<div class=\"sow-image-container\">\n\t\t<img \n\tsrc=\"https:\/\/bestmachinery.it\/2016\/wp-content\/uploads\/2011\/04\/TD900.gif\" width=\"800\" height=\"536\" sizes=\"(max-width: 800px) 100vw, 800px\" alt=\"\" \t\tclass=\"so-widget-image\"\/>\n\t<\/div>\n\n<\/div><\/div><\/div><\/div><\/div><\/div>","protected":false},"excerpt":{"rendered":"<p>La nostra azienda \u00e8 formata da un gruppo di persone dinamiche e affiatate con un alto livello tecnico e un bagaglio di esperienza derivante da piu&#8217; di 30 anni di esperienza nel settore.Operiamo a livello nazionale ed internazionale nella progettazione e costruzione di macchine ed accessori di alta qualit\u00e0 per la produzione del filo metallico.Consapevoli [&hellip;]<\/p>\n","protected":false},"author":1,"featured_media":0,"parent":0,"menu_order":0,"comment_status":"closed","ping_status":"closed","template":"","meta":{"footnotes":""},"class_list":["post-47","page","type-page","status-publish","hentry","post"],"yoast_head":"<!-- This site is optimized with the Yoast SEO plugin v27.3 - https:\/\/yoast.com\/product\/yoast-seo-wordpress\/ -->\n<title>- Best Machinery<\/title>\n<meta name=\"robots\" content=\"index, follow, max-snippet:-1, max-image-preview:large, max-video-preview:-1\" \/>\n<link rel=\"canonical\" href=\"https:\/\/bestmachinery.it\/2016\/\" \/>\n<meta property=\"og:locale\" content=\"it_IT\" \/>\n<meta property=\"og:type\" content=\"article\" \/>\n<meta property=\"og:title\" content=\"- Best Machinery\" \/>\n<meta property=\"og:description\" content=\"La nostra azienda \u00e8 formata da un gruppo di persone dinamiche e affiatate con un alto livello tecnico e un bagaglio di esperienza derivante da piu&#039; di 30 anni di esperienza nel settore.Operiamo a livello nazionale ed internazionale nella progettazione e costruzione di macchine ed accessori di alta qualit\u00e0 per la produzione del filo metallico.Consapevoli [&hellip;]\" \/>\n<meta property=\"og:url\" content=\"https:\/\/bestmachinery.it\/2016\/\" \/>\n<meta property=\"og:site_name\" content=\"Best Machinery\" \/>\n<meta property=\"article:modified_time\" content=\"2016-01-31T09:33:31+00:00\" \/>\n<meta property=\"og:image\" content=\"http:\/\/bestmachinery.it\/2016\/wp-content\/uploads\/2011\/04\/TD900.gif\" \/>\n<meta name=\"twitter:card\" content=\"summary_large_image\" \/>\n<meta name=\"twitter:label1\" content=\"Tempo di lettura stimato\" \/>\n\t<meta name=\"twitter:data1\" content=\"2 minuti\" \/>\n<script type=\"application\/ld+json\" class=\"yoast-schema-graph\">{\"@context\":\"https:\\\/\\\/schema.org\",\"@graph\":[{\"@type\":\"WebPage\",\"@id\":\"https:\\\/\\\/bestmachinery.it\\\/2016\\\/\",\"url\":\"https:\\\/\\\/bestmachinery.it\\\/2016\\\/\",\"name\":\"- Best Machinery\",\"isPartOf\":{\"@id\":\"https:\\\/\\\/bestmachinery.it\\\/2016\\\/#website\"},\"primaryImageOfPage\":{\"@id\":\"https:\\\/\\\/bestmachinery.it\\\/2016\\\/#primaryimage\"},\"image\":{\"@id\":\"https:\\\/\\\/bestmachinery.it\\\/2016\\\/#primaryimage\"},\"thumbnailUrl\":\"http:\\\/\\\/bestmachinery.it\\\/2016\\\/wp-content\\\/uploads\\\/2011\\\/04\\\/TD900.gif\",\"datePublished\":\"2011-04-29T09:25:21+00:00\",\"dateModified\":\"2016-01-31T09:33:31+00:00\",\"inLanguage\":\"it-IT\",\"potentialAction\":[{\"@type\":\"ReadAction\",\"target\":[\"https:\\\/\\\/bestmachinery.it\\\/2016\\\/\"]}]},{\"@type\":\"ImageObject\",\"inLanguage\":\"it-IT\",\"@id\":\"https:\\\/\\\/bestmachinery.it\\\/2016\\\/#primaryimage\",\"url\":\"http:\\\/\\\/bestmachinery.it\\\/2016\\\/wp-content\\\/uploads\\\/2011\\\/04\\\/TD900.gif\",\"contentUrl\":\"http:\\\/\\\/bestmachinery.it\\\/2016\\\/wp-content\\\/uploads\\\/2011\\\/04\\\/TD900.gif\"},{\"@type\":\"WebSite\",\"@id\":\"https:\\\/\\\/bestmachinery.it\\\/2016\\\/#website\",\"url\":\"https:\\\/\\\/bestmachinery.it\\\/2016\\\/\",\"name\":\"Best Machinery\",\"description\":\"QUALITY MACHINES AND EQUIPMENT FOR WIRE INDUSTRY\",\"publisher\":{\"@id\":\"https:\\\/\\\/bestmachinery.it\\\/2016\\\/#organization\"},\"potentialAction\":[{\"@type\":\"SearchAction\",\"target\":{\"@type\":\"EntryPoint\",\"urlTemplate\":\"https:\\\/\\\/bestmachinery.it\\\/2016\\\/?s={search_term_string}\"},\"query-input\":{\"@type\":\"PropertyValueSpecification\",\"valueRequired\":true,\"valueName\":\"search_term_string\"}}],\"inLanguage\":\"it-IT\"},{\"@type\":\"Organization\",\"@id\":\"https:\\\/\\\/bestmachinery.it\\\/2016\\\/#organization\",\"name\":\"Best Machinery Srl\",\"url\":\"https:\\\/\\\/bestmachinery.it\\\/2016\\\/\",\"logo\":{\"@type\":\"ImageObject\",\"inLanguage\":\"it-IT\",\"@id\":\"https:\\\/\\\/bestmachinery.it\\\/2016\\\/#\\\/schema\\\/logo\\\/image\\\/\",\"url\":\"https:\\\/\\\/bestmachinery.it\\\/2016\\\/wp-content\\\/uploads\\\/2016\\\/01\\\/BM2016-400.png\",\"contentUrl\":\"https:\\\/\\\/bestmachinery.it\\\/2016\\\/wp-content\\\/uploads\\\/2016\\\/01\\\/BM2016-400.png\",\"width\":400,\"height\":126,\"caption\":\"Best Machinery Srl\"},\"image\":{\"@id\":\"https:\\\/\\\/bestmachinery.it\\\/2016\\\/#\\\/schema\\\/logo\\\/image\\\/\"}}]}<\/script>\n<!-- \/ Yoast SEO plugin. -->","yoast_head_json":{"title":"- Best Machinery","robots":{"index":"index","follow":"follow","max-snippet":"max-snippet:-1","max-image-preview":"max-image-preview:large","max-video-preview":"max-video-preview:-1"},"canonical":"https:\/\/bestmachinery.it\/2016\/","og_locale":"it_IT","og_type":"article","og_title":"- Best Machinery","og_description":"La nostra azienda \u00e8 formata da un gruppo di persone dinamiche e affiatate con un alto livello tecnico e un bagaglio di esperienza derivante da piu' di 30 anni di esperienza nel settore.Operiamo a livello nazionale ed internazionale nella progettazione e costruzione di macchine ed accessori di alta qualit\u00e0 per la produzione del filo metallico.Consapevoli [&hellip;]","og_url":"https:\/\/bestmachinery.it\/2016\/","og_site_name":"Best Machinery","article_modified_time":"2016-01-31T09:33:31+00:00","og_image":[{"url":"http:\/\/bestmachinery.it\/2016\/wp-content\/uploads\/2011\/04\/TD900.gif","type":"","width":"","height":""}],"twitter_card":"summary_large_image","twitter_misc":{"Tempo di lettura stimato":"2 minuti"},"schema":{"@context":"https:\/\/schema.org","@graph":[{"@type":"WebPage","@id":"https:\/\/bestmachinery.it\/2016\/","url":"https:\/\/bestmachinery.it\/2016\/","name":"- Best Machinery","isPartOf":{"@id":"https:\/\/bestmachinery.it\/2016\/#website"},"primaryImageOfPage":{"@id":"https:\/\/bestmachinery.it\/2016\/#primaryimage"},"image":{"@id":"https:\/\/bestmachinery.it\/2016\/#primaryimage"},"thumbnailUrl":"http:\/\/bestmachinery.it\/2016\/wp-content\/uploads\/2011\/04\/TD900.gif","datePublished":"2011-04-29T09:25:21+00:00","dateModified":"2016-01-31T09:33:31+00:00","inLanguage":"it-IT","potentialAction":[{"@type":"ReadAction","target":["https:\/\/bestmachinery.it\/2016\/"]}]},{"@type":"ImageObject","inLanguage":"it-IT","@id":"https:\/\/bestmachinery.it\/2016\/#primaryimage","url":"http:\/\/bestmachinery.it\/2016\/wp-content\/uploads\/2011\/04\/TD900.gif","contentUrl":"http:\/\/bestmachinery.it\/2016\/wp-content\/uploads\/2011\/04\/TD900.gif"},{"@type":"WebSite","@id":"https:\/\/bestmachinery.it\/2016\/#website","url":"https:\/\/bestmachinery.it\/2016\/","name":"Best Machinery","description":"QUALITY MACHINES AND EQUIPMENT FOR WIRE INDUSTRY","publisher":{"@id":"https:\/\/bestmachinery.it\/2016\/#organization"},"potentialAction":[{"@type":"SearchAction","target":{"@type":"EntryPoint","urlTemplate":"https:\/\/bestmachinery.it\/2016\/?s={search_term_string}"},"query-input":{"@type":"PropertyValueSpecification","valueRequired":true,"valueName":"search_term_string"}}],"inLanguage":"it-IT"},{"@type":"Organization","@id":"https:\/\/bestmachinery.it\/2016\/#organization","name":"Best Machinery Srl","url":"https:\/\/bestmachinery.it\/2016\/","logo":{"@type":"ImageObject","inLanguage":"it-IT","@id":"https:\/\/bestmachinery.it\/2016\/#\/schema\/logo\/image\/","url":"https:\/\/bestmachinery.it\/2016\/wp-content\/uploads\/2016\/01\/BM2016-400.png","contentUrl":"https:\/\/bestmachinery.it\/2016\/wp-content\/uploads\/2016\/01\/BM2016-400.png","width":400,"height":126,"caption":"Best Machinery Srl"},"image":{"@id":"https:\/\/bestmachinery.it\/2016\/#\/schema\/logo\/image\/"}}]}},"_links":{"self":[{"href":"https:\/\/bestmachinery.it\/2016\/wp-json\/wp\/v2\/pages\/47","targetHints":{"allow":["GET"]}}],"collection":[{"href":"https:\/\/bestmachinery.it\/2016\/wp-json\/wp\/v2\/pages"}],"about":[{"href":"https:\/\/bestmachinery.it\/2016\/wp-json\/wp\/v2\/types\/page"}],"author":[{"embeddable":true,"href":"https:\/\/bestmachinery.it\/2016\/wp-json\/wp\/v2\/users\/1"}],"replies":[{"embeddable":true,"href":"https:\/\/bestmachinery.it\/2016\/wp-json\/wp\/v2\/comments?post=47"}],"version-history":[{"count":6,"href":"https:\/\/bestmachinery.it\/2016\/wp-json\/wp\/v2\/pages\/47\/revisions"}],"predecessor-version":[{"id":463,"href":"https:\/\/bestmachinery.it\/2016\/wp-json\/wp\/v2\/pages\/47\/revisions\/463"}],"wp:attachment":[{"href":"https:\/\/bestmachinery.it\/2016\/wp-json\/wp\/v2\/media?parent=47"}],"curies":[{"name":"wp","href":"https:\/\/api.w.org\/{rel}","templated":true}]}}